{"id":23,"date":"2015-10-15T15:32:40","date_gmt":"2015-10-15T15:32:40","guid":{"rendered":"http:\/\/wpoffice\/construction\/?page_id=23"},"modified":"2026-02-23T12:05:00","modified_gmt":"2026-02-23T09:05:00","slug":"iletisim","status":"publish","type":"page","link":"https:\/\/bucateknikservis.com\/index.php\/iletisim\/","title":{"rendered":"\u0130leti\u015fim"},"content":{"rendered":"\n<style type=\"text\/css\" data-created_by=\"avia_inline_auto\" id=\"style-css-av-9dyzr-1f4c17c81daa84d6c07d8b74f1e830f6\">\n.flex_column.av-9dyzr-1f4c17c81daa84d6c07d8b74f1e830f6{\nborder-radius:0px 0px 0px 0px;\npadding:0px 0px 0px 0px;\n}\n<\/style>\n<div  class='flex_column av-9dyzr-1f4c17c81daa84d6c07d8b74f1e830f6 av_two_third  avia-builder-el-0  el_before_av_one_third  avia-builder-el-first  first flex_column_div av-animated-generic bottom-to-top av-zero-column-padding  '     ><p>\n<style type=\"text\/css\" data-created_by=\"avia_inline_auto\" id=\"style-css-av-8h49z-3606e2c8f5000abc3c85b3b3f334dbe8\">\n#top .av-special-heading.av-8h49z-3606e2c8f5000abc3c85b3b3f334dbe8{\npadding-bottom:0;\n}\nbody .av-special-heading.av-8h49z-3606e2c8f5000abc3c85b3b3f334dbe8 .av-special-heading-tag .heading-char{\nfont-size:25px;\n}\n.av-special-heading.av-8h49z-3606e2c8f5000abc3c85b3b3f334dbe8 .av-subheading{\nfont-size:15px;\n}\n<\/style>\n<div  class='av-special-heading av-8h49z-3606e2c8f5000abc3c85b3b3f334dbe8 av-special-heading-h3 blockquote modern-quote  avia-builder-el-1  el_before_av_hr  avia-builder-el-first '><h3 class='av-special-heading-tag '  itemprop=\"headline\"  >Servis Formu<\/h3><div class=\"special-heading-border\"><div class=\"special-heading-inner-border\"><\/div><\/div><\/div><br \/>\n\n<style type=\"text\/css\" data-created_by=\"avia_inline_auto\" id=\"style-css-av-83vfb-b7654a07a7ab1473dcd3c07ff73c5d66\">\n#top .hr.av-83vfb-b7654a07a7ab1473dcd3c07ff73c5d66{\nmargin-top:10px;\nmargin-bottom:10px;\n}\n.hr.av-83vfb-b7654a07a7ab1473dcd3c07ff73c5d66 .hr-inner{\nwidth:50px;\nborder-color:#efbb20;\n}\n<\/style>\n<div  class='hr av-83vfb-b7654a07a7ab1473dcd3c07ff73c5d66 hr-custom  avia-builder-el-2  el_after_av_heading  el_before_av_contact  hr-left hr-icon-no'><span class='hr-inner inner-border-av-border-fat'><span class=\"hr-inner-style\"><\/span><\/span><\/div><br \/>\n<form action=\"https:\/\/bucateknikservis.com\/index.php\/iletisim\/\" method=\"post\" data-fields-with-error=\"Found errors in the following field(s):\" class=\"avia_ajax_form av-form-labels-visible   avia-builder-el-3  el_after_av_hr  avia-builder-el-last   \" data-avia-form-id=\"1\" data-avia-redirect=''  aria-label='Kontakt Formu' ><fieldset><p class='  first_form  form_element form_element_half' id='element_avia_1_1'><label for=\"avia_1_1\">\u0130sim Soyisim <abbr class=\"required\" title=\"Zorunlu\">*<\/abbr><\/label> <input name=\"avia_1_1\" class=\"text_input is_empty\" type=\"text\" id=\"avia_1_1\" value=\"\" \/><\/p><p class='  form_element form_element_half' id='element_avia_2_1'><label for=\"avia_2_1\">E-Posta <abbr class=\"required\" title=\"Zorunlu\">*<\/abbr><\/label> <input name=\"avia_2_1\" class=\"text_input is_email\" type=\"text\" id=\"avia_2_1\" value=\"\" \/><\/p><p class='  first_form  form_element form_element_half' id='element_avia_3_1'><label for=\"avia_3_1\">Servis Konusu <abbr class=\"required\" title=\"Zorunlu\">*<\/abbr><\/label> <input name=\"avia_3_1\" class=\"text_input is_empty\" type=\"text\" id=\"avia_3_1\" value=\"\" \/><\/p><p class='  form_element form_element_half' id='element_avia_4_1'><label for=\"avia_4_1\">Telefon <abbr class=\"required\" title=\"Zorunlu\">*<\/abbr><\/label> <input name=\"avia_4_1\" class=\"text_input is_phone\" type=\"text\" id=\"avia_4_1\" value=\"\" \/><\/p><p class='  first_form  form_element form_fullwidth av-last-visible-form-element' id='element_avia_5_1'><label for=\"avia_5_1\" class=\"textare_label hidden textare_label_avia_5_1\">Mesaj\u0131n\u0131z <abbr class=\"required\" title=\"Zorunlu\">*<\/abbr><\/label><textarea  name=\"avia_5_1\" class=\"text_area is_empty\" cols=\"40\" rows=\"7\" id=\"avia_5_1\" ><\/textarea><\/p><p class=\"hidden\"><input type=\"text\" name=\"avia_6_1\" class=\"hidden \" id=\"avia_6_1\" value=\"\" \/><\/p><p class=\"form_element \"><input type=\"hidden\" value=\"1\" name=\"avia_generated_form1\" \/><input type=\"submit\" value=\"G\u00f6nder\" class=\"button\"  data-sending-label=\"G\u00f6nderiliyor\"\/><\/p><\/fieldset><\/form><div id=\"ajaxresponse_1\" class=\"ajaxresponse ajaxresponse_1 hidden\"><\/div><\/p><\/div>\n<style type=\"text\/css\" data-created_by=\"avia_inline_auto\" id=\"style-css-av-3xr9b-eaaafd88b2646e29256df71c583d8ca4\">\n.flex_column.av-3xr9b-eaaafd88b2646e29256df71c583d8ca4{\nborder-radius:0px 0px 0px 0px;\npadding:0px 0px 0px 0px;\n}\n<\/style>\n<div  class='flex_column av-3xr9b-eaaafd88b2646e29256df71c583d8ca4 av_one_third  avia-builder-el-4  el_after_av_two_third  el_before_av_mailchimp  flex_column_div av-animated-generic bottom-to-top av-zero-column-padding  '     ><p>\n<style type=\"text\/css\" data-created_by=\"avia_inline_auto\" id=\"style-css-av-39vm3-8e8844307163f59fc9b24914d5991bea\">\n#top .av-special-heading.av-39vm3-8e8844307163f59fc9b24914d5991bea{\npadding-bottom:0;\n}\nbody .av-special-heading.av-39vm3-8e8844307163f59fc9b24914d5991bea .av-special-heading-tag .heading-char{\nfont-size:25px;\n}\n.av-special-heading.av-39vm3-8e8844307163f59fc9b24914d5991bea .av-subheading{\nfont-size:15px;\n}\n<\/style>\n<div  class='av-special-heading av-39vm3-8e8844307163f59fc9b24914d5991bea av-special-heading-h3 blockquote modern-quote  avia-builder-el-5  el_before_av_hr  avia-builder-el-first '><h3 class='av-special-heading-tag '  itemprop=\"headline\"  >Bizimle \u0130leti\u015fime Ge\u00e7in<\/h3><div class=\"special-heading-border\"><div class=\"special-heading-inner-border\"><\/div><\/div><\/div><br \/>\n\n<style type=\"text\/css\" data-created_by=\"avia_inline_auto\" id=\"style-css-av-2xosv-bf65ed8fa5ba7a7f788d5e0f59b04a53\">\n#top .hr.av-2xosv-bf65ed8fa5ba7a7f788d5e0f59b04a53{\nmargin-top:10px;\nmargin-bottom:10px;\n}\n.hr.av-2xosv-bf65ed8fa5ba7a7f788d5e0f59b04a53 .hr-inner{\nwidth:50px;\nborder-color:#efbb20;\n}\n<\/style>\n<div  class='hr av-2xosv-bf65ed8fa5ba7a7f788d5e0f59b04a53 hr-custom  avia-builder-el-6  el_after_av_heading  el_before_av_textblock  hr-left hr-icon-no'><span class='hr-inner inner-border-av-border-fat'><span class=\"hr-inner-style\"><\/span><\/span><\/div><br \/>\n<section  class='av_textblock_section av-28zdf-c218e1ca373e63946e9d4fa4a9f23192 '   itemscope=\"itemscope\" itemtype=\"https:\/\/schema.org\/CreativeWork\" ><div class='avia_textblock'  itemprop=\"text\" ><p>H\u00fcrriyet Mahallesi 463\/5 Sokak No:7 Buca\/\u0130zmir<\/p>\n<p>0232 426 50 50<\/p>\n<p>0555 544 40 50<\/p>\n<p>bucateknik35@gmail.com<\/p>\n<\/div><\/section><br \/>\n\n<style type=\"text\/css\" data-created_by=\"avia_inline_auto\" id=\"style-css-av-1cqhr-dc1cb9cfa44190b1cecc0b274d2ed5c8\">\n#top .hr.av-1cqhr-dc1cb9cfa44190b1cecc0b274d2ed5c8{\nmargin-top:10px;\nmargin-bottom:10px;\n}\n.hr.av-1cqhr-dc1cb9cfa44190b1cecc0b274d2ed5c8 .hr-inner{\nwidth:50px;\nborder-color:#efbb20;\n}\n<\/style>\n<div  class='hr av-1cqhr-dc1cb9cfa44190b1cecc0b274d2ed5c8 hr-custom  avia-builder-el-8  el_after_av_textblock  el_before_av_codeblock  hr-left hr-icon-no'><span class='hr-inner inner-border-av-border-fat'><span class=\"hr-inner-style\"><\/span><\/span><\/div><br \/>\n<\/p><\/div><\/p>\n\n","protected":false},"excerpt":{"rendered":"","protected":false},"author":1,"featured_media":0,"parent":0,"menu_order":0,"comment_status":"closed","ping_status":"closed","template":"","meta":{"footnotes":""},"class_list":["post-23","page","type-page","status-publish","hentry"],"yoast_head":"<!-- This site is optimized with the Yoast SEO Premium plugin v26.1 (Yoast SEO v27.0) - https:\/\/yoast.com\/product\/yoast-seo-premium-wordpress\/ -->\n<title>Buca Teknik Servis | \u0130leti\u015fim<\/title>\n<meta name=\"description\" content=\"Beyaz e\u015fya, kombi ve klima ar\u0131zalar\u0131n\u0131zda Buca\u2019n\u0131n her mahallesine ayn\u0131 g\u00fcn servis imkan\u0131. Uzman ekip, orijinal yedek par\u00e7a ve \u015feffaf fiyat garantisiyle yan\u0131n\u0131zday\u0131z.\" \/>\n<meta name=\"robots\" content=\"index, follow, max-snippet:-1, max-image-preview:large, max-video-preview:-1\" \/>\n<link rel=\"canonical\" href=\"https:\/\/bucateknikservis.com\/index.php\/iletisim\/\" \/>\n<meta property=\"og:locale\" content=\"tr_TR\" \/>\n<meta property=\"og:type\" content=\"article\" \/>\n<meta property=\"og:title\" content=\"\u0130leti\u015fim\" \/>\n<meta property=\"og:description\" content=\"Beyaz e\u015fya, kombi ve klima ar\u0131zalar\u0131n\u0131zda Buca\u2019n\u0131n her mahallesine ayn\u0131 g\u00fcn servis imkan\u0131. Uzman ekip, orijinal yedek par\u00e7a ve \u015feffaf fiyat garantisiyle yan\u0131n\u0131zday\u0131z.\" \/>\n<meta property=\"og:url\" content=\"https:\/\/bucateknikservis.com\/index.php\/iletisim\/\" \/>\n<meta property=\"og:site_name\" content=\"Buca Teknik Servis\" \/>\n<meta property=\"article:publisher\" content=\"https:\/\/www.instagram.com\/bucateknikservis\/\" \/>\n<meta property=\"article:modified_time\" content=\"2026-02-23T09:05:00+00:00\" \/>\n<meta property=\"og:image\" content=\"https:\/\/bucateknikservis.com\/wp-content\/uploads\/2026\/02\/Bucateknikservis1-scaled.jpg\" \/>\n\t<meta property=\"og:image:width\" content=\"2560\" \/>\n\t<meta property=\"og:image:height\" content=\"1075\" \/>\n\t<meta property=\"og:image:type\" content=\"image\/jpeg\" \/>\n<meta name=\"twitter:card\" content=\"summary_large_image\" \/>\n<meta name=\"twitter:label1\" content=\"Tahmini okuma s\u00fcresi\" \/>\n\t<meta name=\"twitter:data1\" content=\"1 dakika\" \/>\n<script type=\"application\/ld+json\" class=\"yoast-schema-graph\">{\"@context\":\"https:\/\/schema.org\",\"@graph\":[{\"@type\":\"WebPage\",\"@id\":\"https:\/\/bucateknikservis.com\/index.php\/iletisim\/\",\"url\":\"https:\/\/bucateknikservis.com\/index.php\/iletisim\/\",\"name\":\"Buca Teknik Servis | \u0130leti\u015fim\",\"isPartOf\":{\"@id\":\"https:\/\/bucateknikservis.com\/#website\"},\"datePublished\":\"2015-10-15T15:32:40+00:00\",\"dateModified\":\"2026-02-23T09:05:00+00:00\",\"description\":\"Beyaz e\u015fya, kombi ve klima ar\u0131zalar\u0131n\u0131zda Buca\u2019n\u0131n her mahallesine ayn\u0131 g\u00fcn servis imkan\u0131. Uzman ekip, orijinal yedek par\u00e7a ve \u015feffaf fiyat garantisiyle yan\u0131n\u0131zday\u0131z.\",\"breadcrumb\":{\"@id\":\"https:\/\/bucateknikservis.com\/index.php\/iletisim\/#breadcrumb\"},\"inLanguage\":\"tr\",\"potentialAction\":[{\"@type\":\"ReadAction\",\"target\":[\"https:\/\/bucateknikservis.com\/index.php\/iletisim\/\"]}]},{\"@type\":\"BreadcrumbList\",\"@id\":\"https:\/\/bucateknikservis.com\/index.php\/iletisim\/#breadcrumb\",\"itemListElement\":[{\"@type\":\"ListItem\",\"position\":1,\"name\":\"Anasayfa\",\"item\":\"https:\/\/bucateknikservis.com\/index.php\/buca-teknik-servis\/\"},{\"@type\":\"ListItem\",\"position\":2,\"name\":\"\u0130leti\u015fim\"}]},{\"@type\":\"WebSite\",\"@id\":\"https:\/\/bucateknikservis.com\/#website\",\"url\":\"https:\/\/bucateknikservis.com\/\",\"name\":\"Buca Teknik Servis\",\"description\":\"Bucan\u0131n G\u00fcvenilir Teknik Servisi\",\"publisher\":{\"@id\":\"https:\/\/bucateknikservis.com\/#organization\"},\"potentialAction\":[{\"@type\":\"SearchAction\",\"target\":{\"@type\":\"EntryPoint\",\"urlTemplate\":\"https:\/\/bucateknikservis.com\/?s={search_term_string}\"},\"query-input\":{\"@type\":\"PropertyValueSpecification\",\"valueRequired\":true,\"valueName\":\"search_term_string\"}}],\"inLanguage\":\"tr\"},{\"@type\":\"Organization\",\"@id\":\"https:\/\/bucateknikservis.com\/#organization\",\"name\":\"TKL Teknik Servis\",\"url\":\"https:\/\/bucateknikservis.com\/\",\"logo\":{\"@type\":\"ImageObject\",\"inLanguage\":\"tr\",\"@id\":\"https:\/\/bucateknikservis.com\/#\/schema\/logo\/image\/\",\"url\":\"https:\/\/bucateknikservis.com\/wp-content\/uploads\/2026\/02\/Tkl-Teknik-1.png\",\"contentUrl\":\"https:\/\/bucateknikservis.com\/wp-content\/uploads\/2026\/02\/Tkl-Teknik-1.png\",\"width\":1111,\"height\":321,\"caption\":\"TKL Teknik Servis\"},\"image\":{\"@id\":\"https:\/\/bucateknikservis.com\/#\/schema\/logo\/image\/\"},\"sameAs\":[\"https:\/\/www.instagram.com\/bucateknikservis\/\"],\"description\":\"Beyaz e\u015fya, kombi ve klima ar\u0131zalar\u0131n\u0131zda Buca\u2019n\u0131n her mahallesine ayn\u0131 g\u00fcn servis imkan\u0131. Uzman ekip, orijinal yedek par\u00e7a ve \u015feffaf fiyat garantisiyle yan\u0131n\u0131zday\u0131z.\",\"email\":\"bucayeknik35@gmail.com\",\"telephone\":\"0232 426 50 50\",\"legalName\":\"TKL Teknik Servis\",\"foundingDate\":\"2026-02-01\",\"numberOfEmployees\":{\"@type\":\"QuantitativeValue\",\"minValue\":\"1\",\"maxValue\":\"10\"}}]}<\/script>\n<!-- \/ Yoast SEO Premium plugin. -->","yoast_head_json":{"title":"Buca Teknik Servis | \u0130leti\u015fim","description":"Beyaz e\u015fya, kombi ve klima ar\u0131zalar\u0131n\u0131zda Buca\u2019n\u0131n her mahallesine ayn\u0131 g\u00fcn servis imkan\u0131. Uzman ekip, orijinal yedek par\u00e7a ve \u015feffaf fiyat garantisiyle yan\u0131n\u0131zday\u0131z.","robots":{"index":"index","follow":"follow","max-snippet":"max-snippet:-1","max-image-preview":"max-image-preview:large","max-video-preview":"max-video-preview:-1"},"canonical":"https:\/\/bucateknikservis.com\/index.php\/iletisim\/","og_locale":"tr_TR","og_type":"article","og_title":"\u0130leti\u015fim","og_description":"Beyaz e\u015fya, kombi ve klima ar\u0131zalar\u0131n\u0131zda Buca\u2019n\u0131n her mahallesine ayn\u0131 g\u00fcn servis imkan\u0131. Uzman ekip, orijinal yedek par\u00e7a ve \u015feffaf fiyat garantisiyle yan\u0131n\u0131zday\u0131z.","og_url":"https:\/\/bucateknikservis.com\/index.php\/iletisim\/","og_site_name":"Buca Teknik Servis","article_publisher":"https:\/\/www.instagram.com\/bucateknikservis\/","article_modified_time":"2026-02-23T09:05:00+00:00","og_image":[{"width":2560,"height":1075,"url":"https:\/\/bucateknikservis.com\/wp-content\/uploads\/2026\/02\/Bucateknikservis1-scaled.jpg","type":"image\/jpeg"}],"twitter_card":"summary_large_image","twitter_misc":{"Tahmini okuma s\u00fcresi":"1 dakika"},"schema":{"@context":"https:\/\/schema.org","@graph":[{"@type":"WebPage","@id":"https:\/\/bucateknikservis.com\/index.php\/iletisim\/","url":"https:\/\/bucateknikservis.com\/index.php\/iletisim\/","name":"Buca Teknik Servis | \u0130leti\u015fim","isPartOf":{"@id":"https:\/\/bucateknikservis.com\/#website"},"datePublished":"2015-10-15T15:32:40+00:00","dateModified":"2026-02-23T09:05:00+00:00","description":"Beyaz e\u015fya, kombi ve klima ar\u0131zalar\u0131n\u0131zda Buca\u2019n\u0131n her mahallesine ayn\u0131 g\u00fcn servis imkan\u0131. Uzman ekip, orijinal yedek par\u00e7a ve \u015feffaf fiyat garantisiyle yan\u0131n\u0131zday\u0131z.","breadcrumb":{"@id":"https:\/\/bucateknikservis.com\/index.php\/iletisim\/#breadcrumb"},"inLanguage":"tr","potentialAction":[{"@type":"ReadAction","target":["https:\/\/bucateknikservis.com\/index.php\/iletisim\/"]}]},{"@type":"BreadcrumbList","@id":"https:\/\/bucateknikservis.com\/index.php\/iletisim\/#breadcrumb","itemListElement":[{"@type":"ListItem","position":1,"name":"Anasayfa","item":"https:\/\/bucateknikservis.com\/index.php\/buca-teknik-servis\/"},{"@type":"ListItem","position":2,"name":"\u0130leti\u015fim"}]},{"@type":"WebSite","@id":"https:\/\/bucateknikservis.com\/#website","url":"https:\/\/bucateknikservis.com\/","name":"Buca Teknik Servis","description":"Bucan\u0131n G\u00fcvenilir Teknik Servisi","publisher":{"@id":"https:\/\/bucateknikservis.com\/#organization"},"potentialAction":[{"@type":"SearchAction","target":{"@type":"EntryPoint","urlTemplate":"https:\/\/bucateknikservis.com\/?s={search_term_string}"},"query-input":{"@type":"PropertyValueSpecification","valueRequired":true,"valueName":"search_term_string"}}],"inLanguage":"tr"},{"@type":"Organization","@id":"https:\/\/bucateknikservis.com\/#organization","name":"TKL Teknik Servis","url":"https:\/\/bucateknikservis.com\/","logo":{"@type":"ImageObject","inLanguage":"tr","@id":"https:\/\/bucateknikservis.com\/#\/schema\/logo\/image\/","url":"https:\/\/bucateknikservis.com\/wp-content\/uploads\/2026\/02\/Tkl-Teknik-1.png","contentUrl":"https:\/\/bucateknikservis.com\/wp-content\/uploads\/2026\/02\/Tkl-Teknik-1.png","width":1111,"height":321,"caption":"TKL Teknik Servis"},"image":{"@id":"https:\/\/bucateknikservis.com\/#\/schema\/logo\/image\/"},"sameAs":["https:\/\/www.instagram.com\/bucateknikservis\/"],"description":"Beyaz e\u015fya, kombi ve klima ar\u0131zalar\u0131n\u0131zda Buca\u2019n\u0131n her mahallesine ayn\u0131 g\u00fcn servis imkan\u0131. Uzman ekip, orijinal yedek par\u00e7a ve \u015feffaf fiyat garantisiyle yan\u0131n\u0131zday\u0131z.","email":"bucayeknik35@gmail.com","telephone":"0232 426 50 50","legalName":"TKL Teknik Servis","foundingDate":"2026-02-01","numberOfEmployees":{"@type":"QuantitativeValue","minValue":"1","maxValue":"10"}}]}},"_links":{"self":[{"href":"https:\/\/bucateknikservis.com\/index.php\/wp-json\/wp\/v2\/pages\/23","targetHints":{"allow":["GET"]}}],"collection":[{"href":"https:\/\/bucateknikservis.com\/index.php\/wp-json\/wp\/v2\/pages"}],"about":[{"href":"https:\/\/bucateknikservis.com\/index.php\/wp-json\/wp\/v2\/types\/page"}],"author":[{"embeddable":true,"href":"https:\/\/bucateknikservis.com\/index.php\/wp-json\/wp\/v2\/users\/1"}],"replies":[{"embeddable":true,"href":"https:\/\/bucateknikservis.com\/index.php\/wp-json\/wp\/v2\/comments?post=23"}],"version-history":[{"count":15,"href":"https:\/\/bucateknikservis.com\/index.php\/wp-json\/wp\/v2\/pages\/23\/revisions"}],"predecessor-version":[{"id":476,"href":"https:\/\/bucateknikservis.com\/index.php\/wp-json\/wp\/v2\/pages\/23\/revisions\/476"}],"wp:attachment":[{"href":"https:\/\/bucateknikservis.com\/index.php\/wp-json\/wp\/v2\/media?parent=23"}],"curies":[{"name":"wp","href":"https:\/\/api.w.org\/{rel}","templated":true}]}}