{"id":135,"date":"2015-10-22T15:31:25","date_gmt":"2015-10-22T15:31:25","guid":{"rendered":"http:\/\/test.kriesi.at\/construction\/?page_id=135"},"modified":"2026-02-23T12:18:10","modified_gmt":"2026-02-23T09:18:10","slug":"kombi-servisi-tamiri","status":"publish","type":"page","link":"https:\/\/bucateknikservis.com\/index.php\/servis-hizmetlerimiz\/kombi-servisi-tamiri\/","title":{"rendered":"Kombi Servisi ve Tamiri"},"content":{"rendered":"<div  class='avia-slideshow av-43u28n-3c224ebd1640a3d9e5ad09eade1071bc avia-slideshow-featured_large av_slideshow avia-fade-slider  avia-builder-el-0  el_before_av_one_full  avia-builder-el-first  av-slideshow-ui av-control-hidden av-no-slider-navigation av-hide-nav-arrows av-slideshow-autoplay av-loop-endless av-loop-manual-endless av-default-height-applied avia-slideshow-1' data-slideshow-options=\"{&quot;animation&quot;:&quot;fade&quot;,&quot;autoplay&quot;:true,&quot;loop_autoplay&quot;:&quot;endless&quot;,&quot;interval&quot;:5,&quot;loop_manual&quot;:&quot;manual-endless&quot;,&quot;autoplay_stopper&quot;:false,&quot;noNavigation&quot;:true,&quot;bg_slider&quot;:false,&quot;keep_padding&quot;:false,&quot;hoverpause&quot;:false,&quot;show_slide_delay&quot;:0}\"  itemprop=\"image\" itemscope=\"itemscope\" itemtype=\"https:\/\/schema.org\/ImageObject\" ><ul class='avia-slideshow-inner ' style='padding-bottom: 42%;'><li  class='avia-slideshow-slide av-43u28n-3c224ebd1640a3d9e5ad09eade1071bc__0  av-single-slide slide-1 slide-odd'><div data-rel='slideshow-1' class='avia-slide-wrap '   ><img decoding=\"async\" fetchpriority=\"high\" class=\"wp-image-323 avia-img-lazy-loading-not-323\"  src=\"https:\/\/bucateknikservis.com\/wp-content\/uploads\/2026\/02\/Bucateknikservis1-1500x630.jpg\" width=\"1500\" height=\"630\" title='Bucateknikservis1' alt=''  itemprop=\"thumbnailUrl\" srcset=\"https:\/\/bucateknikservis.com\/wp-content\/uploads\/2026\/02\/Bucateknikservis1-1500x630.jpg 1500w, https:\/\/bucateknikservis.com\/wp-content\/uploads\/2026\/02\/Bucateknikservis1-300x126.jpg 300w, https:\/\/bucateknikservis.com\/wp-content\/uploads\/2026\/02\/Bucateknikservis1-1030x433.jpg 1030w, https:\/\/bucateknikservis.com\/wp-content\/uploads\/2026\/02\/Bucateknikservis1-768x323.jpg 768w, https:\/\/bucateknikservis.com\/wp-content\/uploads\/2026\/02\/Bucateknikservis1-1536x645.jpg 1536w, https:\/\/bucateknikservis.com\/wp-content\/uploads\/2026\/02\/Bucateknikservis1-2048x860.jpg 2048w, https:\/\/bucateknikservis.com\/wp-content\/uploads\/2026\/02\/Bucateknikservis1-705x296.jpg 705w\" sizes=\"(max-width: 1500px) 100vw, 1500px\" \/><\/div><\/li><\/ul><\/div>\n\n<style type=\"text\/css\" data-created_by=\"avia_inline_auto\" id=\"style-css-av-3fadqn-d6926a19b95743dddc7cd499b2ea28d0\">\n#top .flex_column.av-3fadqn-d6926a19b95743dddc7cd499b2ea28d0{\nmargin-top:0px;\nmargin-bottom:0px;\n}\n.flex_column.av-3fadqn-d6926a19b95743dddc7cd499b2ea28d0{\nborder-radius:0px 0px 0px 0px;\npadding:0px 0px 0px 0px;\n}\n.responsive #top #wrap_all .flex_column.av-3fadqn-d6926a19b95743dddc7cd499b2ea28d0{\nmargin-top:0px;\nmargin-bottom:0px;\n}\n<\/style>\n<div  class='flex_column av-3fadqn-d6926a19b95743dddc7cd499b2ea28d0 av_one_full  avia-builder-el-1  el_after_av_slideshow  el_before_av_one_half  first flex_column_div av-animated-generic bottom-to-top av-zero-column-padding  '     ><p>\n<style type=\"text\/css\" data-created_by=\"avia_inline_auto\" id=\"style-css-av-bstbb-982358a12d16e3925284a0b891f41982\">\n#top .av-special-heading.av-bstbb-982358a12d16e3925284a0b891f41982{\npadding-bottom:0;\n}\nbody .av-special-heading.av-bstbb-982358a12d16e3925284a0b891f41982 .av-special-heading-tag .heading-char{\nfont-size:25px;\n}\n.av-special-heading.av-bstbb-982358a12d16e3925284a0b891f41982 .av-subheading{\nfont-size:15px;\n}\n<\/style>\n<div  class='av-special-heading av-bstbb-982358a12d16e3925284a0b891f41982 av-special-heading-h2 blockquote modern-quote  avia-builder-el-2  el_before_av_hr  avia-builder-el-first '><h2 class='av-special-heading-tag '  itemprop=\"headline\"  >Buca\u2019da Kombi Servisi \u0130\u00e7in Bir Telefon Uza\u011f\u0131n\u0131zday\u0131z!<\/h2><div class=\"special-heading-border\"><div class=\"special-heading-inner-border\"><\/div><\/div><\/div><br \/>\n\n<style type=\"text\/css\" data-created_by=\"avia_inline_auto\" id=\"style-css-av-335487-bafe929b014802c1e71c1433f327018d\">\n#top .hr.av-335487-bafe929b014802c1e71c1433f327018d{\nmargin-top:10px;\nmargin-bottom:10px;\n}\n.hr.av-335487-bafe929b014802c1e71c1433f327018d .hr-inner{\nwidth:50px;\nborder-color:#efbb20;\n}\n<\/style>\n<div  class='hr av-335487-bafe929b014802c1e71c1433f327018d hr-custom  avia-builder-el-3  el_after_av_heading  avia-builder-el-last  hr-left hr-icon-no'><span class='hr-inner inner-border-av-border-fat'><span class=\"hr-inner-style\"><\/span><\/span><\/div><\/p><\/div>\n<style type=\"text\/css\" data-created_by=\"avia_inline_auto\" id=\"style-css-av-2w8bfr-7aa9a935fc6f6d712fdab616a0835a0d\">\n#top .flex_column.av-2w8bfr-7aa9a935fc6f6d712fdab616a0835a0d{\nmargin-top:0px;\nmargin-bottom:0px;\n}\n.flex_column.av-2w8bfr-7aa9a935fc6f6d712fdab616a0835a0d{\nborder-radius:0px 0px 0px 0px;\npadding:0px 0px 0px 0px;\n}\n.responsive #top #wrap_all .flex_column.av-2w8bfr-7aa9a935fc6f6d712fdab616a0835a0d{\nmargin-top:0px;\nmargin-bottom:0px;\n}\n<\/style>\n<div  class='flex_column av-2w8bfr-7aa9a935fc6f6d712fdab616a0835a0d av_one_half  avia-builder-el-4  el_after_av_one_full  el_before_av_one_half  first flex_column_div av-animated-generic bottom-to-top av-zero-column-padding  column-top-margin'     ><section  class='av_textblock_section av-2ppxxr-b187e8f1e3b7eb86225251f2a48aebdc '   itemscope=\"itemscope\" itemtype=\"https:\/\/schema.org\/CreativeWork\" ><div class='avia_textblock'  itemprop=\"text\" ><h3 data-path-to-node=\"2\">Buca Kombi Servisi: Konforunuzu ve G\u00fcvenli\u011finizi \u015eansa B\u0131rakmay\u0131n<\/h3>\n<p data-path-to-node=\"3\">K\u0131\u015f aylar\u0131n\u0131n vazge\u00e7ilmezi olan kombiler, hem \u0131s\u0131nma hem de s\u0131cak su ihtiyac\u0131m\u0131z\u0131 kar\u015f\u0131layan evimizdeki en kritik cihazlard\u0131r. <b data-path-to-node=\"3\" data-index-in-node=\"127\">Bucateknikservisi.com<\/b> olarak, Buca\u2019n\u0131n t\u00fcm mahallelerinde kombi ar\u0131za tamiri, periyodik bak\u0131m ve petek temizli\u011fi konular\u0131nda <b data-path-to-node=\"3\" data-index-in-node=\"252\">7\/24 profesyonel destek<\/b> sunuyoruz.<\/p>\n<h3 data-path-to-node=\"4\">Neden D\u00fczenli Kombi Bak\u0131m\u0131 Yapt\u0131rmal\u0131s\u0131n\u0131z?<\/h3>\n<p data-path-to-node=\"5\">Bir\u00e7ok kullan\u0131c\u0131 kombisi ar\u0131zalanana kadar servis \u00e7a\u011f\u0131rmay\u0131 ihmal eder. Ancak d\u00fczenli bak\u0131m sadece cihaz\u0131n \u00f6mr\u00fcn\u00fc uzatmakla kalmaz, ayn\u0131 zamanda:<\/p>\n<ul data-path-to-node=\"6\">\n<li>\n<p data-path-to-node=\"6,0,0\"><b data-path-to-node=\"6,0,0\" data-index-in-node=\"0\">D\u00fc\u015f\u00fck Faturalar:<\/b> Verimli \u00e7al\u0131\u015fan bir kombi, daha az do\u011falgaz t\u00fcketerek y\u00fcksek performans sa\u011flar.<\/p>\n<\/li>\n<li>\n<p data-path-to-node=\"6,1,0\"><b data-path-to-node=\"6,1,0\" data-index-in-node=\"0\">G\u00fcvenlik:<\/b> Gaz ka\u00e7aklar\u0131, baca t\u0131kan\u0131kl\u0131klar\u0131 ve elektrik aksam\u0131 risklerine kar\u015f\u0131 ailenizi korur.<\/p>\n<\/li>\n<li>\n<p data-path-to-node=\"6,2,0\"><b data-path-to-node=\"6,2,0\" data-index-in-node=\"0\">Uzun \u00d6m\u00fcr:<\/b> Par\u00e7alar\u0131n a\u015f\u0131nmas\u0131 \u00f6nceden tespit edilerek b\u00fcy\u00fck maliyetli ar\u0131zalar\u0131n \u00f6n\u00fcne ge\u00e7ilir.<\/p>\n<\/li>\n<li>\n<p data-path-to-node=\"6,3,0\"><b data-path-to-node=\"6,3,0\" data-index-in-node=\"0\">Kesintisiz Konfor:<\/b> En so\u011fuk g\u00fcnlerde ans\u0131z\u0131n yolda kalman\u0131z\u0131 engeller.<\/p>\n<\/li>\n<\/ul>\n<\/div><\/section><br \/>\n<section  class='av_textblock_section av-mlm4qowm-e0ace04ba1889ae1dcfb57fe15b2e530 '   itemscope=\"itemscope\" itemtype=\"https:\/\/schema.org\/CreativeWork\" ><div class='avia_textblock'  itemprop=\"text\" ><blockquote data-path-to-node=\"15\">\n<p data-path-to-node=\"15,0\"><\/blockquote>\n<hr data-path-to-node=\"16\" \/>\n<h3 data-path-to-node=\"17\">Buca\u2019da Kombi Servisi \u0130\u00e7in Bir Telefon Uza\u011f\u0131n\u0131zday\u0131z!<\/h3>\n<p data-path-to-node=\"18\">\u015eirinyer, T\u0131naztepe, Y\u0131ld\u0131z veya Koza\u011fa\u00e7&#8230; Buca\u2019n\u0131n neresinde olursan\u0131z olun, kombinizdeki sorunlar\u0131 k\u00f6kten \u00e7\u00f6zmek i\u00e7in buraday\u0131z.<\/p>\n<\/div><\/section><\/p><\/div>\n<style type=\"text\/css\" data-created_by=\"avia_inline_auto\" id=\"style-css-av-96ee7-668dd7cc1852eb1eaee7cf01c2ffc133\">\n#top .flex_column.av-96ee7-668dd7cc1852eb1eaee7cf01c2ffc133{\nmargin-top:0px;\nmargin-bottom:0px;\n}\n.flex_column.av-96ee7-668dd7cc1852eb1eaee7cf01c2ffc133{\nborder-radius:0px 0px 0px 0px;\npadding:0px 0px 0px 0px;\n}\n.responsive #top #wrap_all .flex_column.av-96ee7-668dd7cc1852eb1eaee7cf01c2ffc133{\nmargin-top:0px;\nmargin-bottom:0px;\n}\n<\/style>\n<div  class='flex_column av-96ee7-668dd7cc1852eb1eaee7cf01c2ffc133 av_one_half  avia-builder-el-7  el_after_av_one_half  avia-builder-el-last  flex_column_div av-animated-generic bottom-to-top av-zero-column-padding  column-top-margin'     ><section  class='av_textblock_section av-8kx8v-16332ff679eb5d0eef597de1993e80d6 '   itemscope=\"itemscope\" itemtype=\"https:\/\/schema.org\/CreativeWork\" ><div class='avia_textblock'  itemprop=\"text\" ><h3 data-path-to-node=\"8\">Sundu\u011fumuz Kombi Hizmetleri<\/h3>\n<p data-path-to-node=\"9\">Deneyimli teknisyenlerimizle marka ba\u011f\u0131ms\u0131z (E.C.A, DemirD\u00f6k\u00fcm, Vaillant, Bosch, Baymak, Buderus ve daha fazlas\u0131) \u015fu hizmetleri sa\u011fl\u0131yoruz:<\/p>\n<div class=\"horizontal-scroll-wrapper\">\n<div class=\"table-block-component\">\n<div class=\"table-block has-export-button\">\n<div class=\"table-content not-end-of-paragraph\" data-hveid=\"0\" data-ved=\"0CAAQ3ecQahcKEwiFqZj3z9iSAxUAAAAAHQAAAAAQUA\">\n<table data-path-to-node=\"10\">\n<thead>\n<tr>\n<td><span data-path-to-node=\"10,0,0,0\">Hizmet T\u00fcr\u00fc<\/span><\/td>\n<td><span data-path-to-node=\"10,0,1,0\">A\u00e7\u0131klama<\/span><\/td>\n<\/tr>\n<\/thead>\n<tbody>\n<tr>\n<td><span data-path-to-node=\"10,1,0,0\"><b data-path-to-node=\"10,1,0,0\" data-index-in-node=\"0\">Kombi Ar\u0131za Tamiri<\/b><\/span><\/td>\n<td><span data-path-to-node=\"10,1,1,0\">Anakart, e\u015fanj\u00f6r, \u00fc\u00e7 yollu vana ve pompa gibi kritik par\u00e7a onar\u0131mlar\u0131.<\/span><\/td>\n<\/tr>\n<tr>\n<td><span data-path-to-node=\"10,2,0,0\"><b data-path-to-node=\"10,2,0,0\" data-index-in-node=\"0\">Periyodik Bak\u0131m<\/b><\/span><\/td>\n<td><span data-path-to-node=\"10,2,1,0\">Filtre temizli\u011fi, genle\u015fme tank\u0131 hava kontrol\u00fc ve yanma odas\u0131 temizli\u011fi.<\/span><\/td>\n<\/tr>\n<tr>\n<td><span data-path-to-node=\"10,3,0,0\"><b data-path-to-node=\"10,3,0,0\" data-index-in-node=\"0\">Petek Temizli\u011fi<\/b><\/span><\/td>\n<td><span data-path-to-node=\"10,3,1,0\">\u00d6zel ila\u00e7 ve makinelerle \u0131s\u0131nmayan peteklerin verimini %30 art\u0131r\u0131yoruz.<\/span><\/td>\n<\/tr>\n<tr>\n<td><span data-path-to-node=\"10,4,0,0\"><b data-path-to-node=\"10,4,0,0\" data-index-in-node=\"0\">Par\u00e7a De\u011fi\u015fimi<\/b><\/span><\/td>\n<td><span data-path-to-node=\"10,4,1,0\">Ar\u0131zal\u0131 par\u00e7alar\u0131n 1 y\u0131l garantili, orijinal yedek par\u00e7alarla de\u011fi\u015fimi.<\/span><\/td>\n<\/tr>\n<\/tbody>\n<\/table>\n<\/div>\n<\/div>\n<\/div>\n<\/div>\n<\/div><\/section><br \/>\n<section  class='av_textblock_section av-8qqcn-6076789a31c59214b2cf6b1bb8991943 '   itemscope=\"itemscope\" itemtype=\"https:\/\/schema.org\/CreativeWork\" ><div class='avia_textblock'  itemprop=\"text\" ><h3 data-path-to-node=\"12\">Buca Teknik Servisi Fark\u0131<\/h3>\n<p data-path-to-node=\"13\">Buca&#8217;da ya\u015fayan kom\u015fular\u0131m\u0131za sundu\u011fumuz ayr\u0131cal\u0131klar:<\/p>\n<ul data-path-to-node=\"14\">\n<li>\n<p data-path-to-node=\"14,0,0\"><b data-path-to-node=\"14,0,0\" data-index-in-node=\"0\">H\u0131zl\u0131 M\u00fcdahale:<\/b> Buca trafi\u011fine ve yerle\u015fimine hakim ekiplerimizle \u00e7a\u011fr\u0131n\u0131za en k\u0131sa s\u00fcrede yan\u0131t veriyoruz.<\/p>\n<\/li>\n<li>\n<p data-path-to-node=\"14,1,0\"><b data-path-to-node=\"14,1,0\" data-index-in-node=\"0\">\u015eeffaf S\u00fcre\u00e7:<\/b> Cihaz\u0131n\u0131zdaki sorun tespit edildikten sonra onay\u0131n\u0131z al\u0131nmadan hi\u00e7bir i\u015flem yap\u0131lmaz.<\/p>\n<\/li>\n<li>\n<p data-path-to-node=\"14,2,0\"><b data-path-to-node=\"14,2,0\" data-index-in-node=\"0\">Sertifikal\u0131 Personel:<\/b> Kombi gibi riskli cihazlarda sadece yetkin ve belgeli teknisyenlerle \u00e7al\u0131\u015f\u0131yoruz.<\/p>\n<\/li>\n<li>\n<p data-path-to-node=\"14,3,0\"><b data-path-to-node=\"14,3,0\" data-index-in-node=\"0\">Garantili \u0130\u015f\u00e7ilik:<\/b> Yap\u0131lan her i\u015flem ve tak\u0131lan her par\u00e7a servisimiz b\u00fcnyesinde garanti alt\u0131ndad\u0131r.<\/p>\n<\/li>\n<\/ul>\n<blockquote data-path-to-node=\"15\">\n<p data-path-to-node=\"15,0\"><b data-path-to-node=\"15,0\" data-index-in-node=\"0\">\u00d6nemli Uyar\u0131:<\/b> Kombi cihazlar\u0131 hem su, hem elektrik hem de do\u011falgaz ile \u00e7al\u0131\u015f\u0131r. Yetkisiz ki\u015filerin m\u00fcdahalesi hayati tehlike olu\u015fturabilir. Mutlaka uzman deste\u011fi al\u0131n.<\/p>\n<\/blockquote>\n<p data-path-to-node=\"18\">\n<\/div><\/section><\/p><\/div><\/p>\n","protected":false},"excerpt":{"rendered":"","protected":false},"author":1,"featured_media":388,"parent":25,"menu_order":0,"comment_status":"closed","ping_status":"closed","template":"","meta":{"footnotes":""},"class_list":["post-135","page","type-page","status-publish","has-post-thumbnail","hentry"],"yoast_head":"<!-- This site is optimized with the Yoast SEO Premium plugin v26.1 (Yoast SEO v27.0) - https:\/\/yoast.com\/product\/yoast-seo-premium-wordpress\/ -->\n<title>Buca Teknik Servis | Kombi Servisi ve Tamiri<\/title>\n<meta name=\"description\" content=\"Beyaz e\u015fya, kombi ve klima ar\u0131zalar\u0131n\u0131zda Buca\u2019n\u0131n her mahallesine ayn\u0131 g\u00fcn servis imkan\u0131. Uzman ekip, orijinal yedek par\u00e7a ve \u015feffaf fiyat garantisiyle yan\u0131n\u0131zday\u0131z.\" \/>\n<meta name=\"robots\" content=\"index, follow, max-snippet:-1, max-image-preview:large, max-video-preview:-1\" \/>\n<link rel=\"canonical\" href=\"https:\/\/bucateknikservis.com\/index.php\/servis-hizmetlerimiz\/kombi-servisi-tamiri\/\" \/>\n<meta property=\"og:locale\" content=\"tr_TR\" \/>\n<meta property=\"og:type\" content=\"article\" \/>\n<meta property=\"og:title\" content=\"Kombi Servisi ve Tamiri\" \/>\n<meta property=\"og:description\" content=\"Beyaz e\u015fya, kombi ve klima ar\u0131zalar\u0131n\u0131zda Buca\u2019n\u0131n her mahallesine ayn\u0131 g\u00fcn servis imkan\u0131. Uzman ekip, orijinal yedek par\u00e7a ve \u015feffaf fiyat garantisiyle yan\u0131n\u0131zday\u0131z.\" \/>\n<meta property=\"og:url\" content=\"https:\/\/bucateknikservis.com\/index.php\/servis-hizmetlerimiz\/kombi-servisi-tamiri\/\" \/>\n<meta property=\"og:site_name\" content=\"Buca Teknik Servis\" \/>\n<meta property=\"article:publisher\" content=\"https:\/\/www.instagram.com\/bucateknikservis\/\" \/>\n<meta property=\"article:modified_time\" content=\"2026-02-23T09:18:10+00:00\" \/>\n<meta property=\"og:image\" content=\"https:\/\/bucateknikservis.com\/wp-content\/uploads\/2015\/10\/kombitamiri.jpg\" \/>\n\t<meta property=\"og:image:width\" content=\"300\" \/>\n\t<meta property=\"og:image:height\" content=\"254\" \/>\n\t<meta property=\"og:image:type\" content=\"image\/jpeg\" \/>\n<meta name=\"twitter:card\" content=\"summary_large_image\" \/>\n<meta name=\"twitter:label1\" content=\"Tahmini okuma s\u00fcresi\" \/>\n\t<meta name=\"twitter:data1\" content=\"2 dakika\" \/>\n<script type=\"application\/ld+json\" class=\"yoast-schema-graph\">{\"@context\":\"https:\/\/schema.org\",\"@graph\":[{\"@type\":\"WebPage\",\"@id\":\"https:\/\/bucateknikservis.com\/index.php\/servis-hizmetlerimiz\/kombi-servisi-tamiri\/\",\"url\":\"https:\/\/bucateknikservis.com\/index.php\/servis-hizmetlerimiz\/kombi-servisi-tamiri\/\",\"name\":\"Buca Teknik Servis | Kombi Servisi ve Tamiri\",\"isPartOf\":{\"@id\":\"https:\/\/bucateknikservis.com\/#website\"},\"primaryImageOfPage\":{\"@id\":\"https:\/\/bucateknikservis.com\/index.php\/servis-hizmetlerimiz\/kombi-servisi-tamiri\/#primaryimage\"},\"image\":{\"@id\":\"https:\/\/bucateknikservis.com\/index.php\/servis-hizmetlerimiz\/kombi-servisi-tamiri\/#primaryimage\"},\"thumbnailUrl\":\"https:\/\/bucateknikservis.com\/wp-content\/uploads\/2015\/10\/kombitamiri.jpg\",\"datePublished\":\"2015-10-22T15:31:25+00:00\",\"dateModified\":\"2026-02-23T09:18:10+00:00\",\"description\":\"Beyaz e\u015fya, kombi ve klima ar\u0131zalar\u0131n\u0131zda Buca\u2019n\u0131n her mahallesine ayn\u0131 g\u00fcn servis imkan\u0131. Uzman ekip, orijinal yedek par\u00e7a ve \u015feffaf fiyat garantisiyle yan\u0131n\u0131zday\u0131z.\",\"breadcrumb\":{\"@id\":\"https:\/\/bucateknikservis.com\/index.php\/servis-hizmetlerimiz\/kombi-servisi-tamiri\/#breadcrumb\"},\"inLanguage\":\"tr\",\"potentialAction\":[{\"@type\":\"ReadAction\",\"target\":[\"https:\/\/bucateknikservis.com\/index.php\/servis-hizmetlerimiz\/kombi-servisi-tamiri\/\"]}]},{\"@type\":\"ImageObject\",\"inLanguage\":\"tr\",\"@id\":\"https:\/\/bucateknikservis.com\/index.php\/servis-hizmetlerimiz\/kombi-servisi-tamiri\/#primaryimage\",\"url\":\"https:\/\/bucateknikservis.com\/wp-content\/uploads\/2015\/10\/kombitamiri.jpg\",\"contentUrl\":\"https:\/\/bucateknikservis.com\/wp-content\/uploads\/2015\/10\/kombitamiri.jpg\",\"width\":300,\"height\":254},{\"@type\":\"BreadcrumbList\",\"@id\":\"https:\/\/bucateknikservis.com\/index.php\/servis-hizmetlerimiz\/kombi-servisi-tamiri\/#breadcrumb\",\"itemListElement\":[{\"@type\":\"ListItem\",\"position\":1,\"name\":\"Anasayfa\",\"item\":\"https:\/\/bucateknikservis.com\/index.php\/buca-teknik-servis\/\"},{\"@type\":\"ListItem\",\"position\":2,\"name\":\"Servis Hizmetlerimiz\",\"item\":\"https:\/\/bucateknikservis.com\/index.php\/servis-hizmetlerimiz\/\"},{\"@type\":\"ListItem\",\"position\":3,\"name\":\"Kombi Servisi ve Tamiri\"}]},{\"@type\":\"WebSite\",\"@id\":\"https:\/\/bucateknikservis.com\/#website\",\"url\":\"https:\/\/bucateknikservis.com\/\",\"name\":\"Buca Teknik Servis\",\"description\":\"Bucan\u0131n G\u00fcvenilir Teknik Servisi\",\"publisher\":{\"@id\":\"https:\/\/bucateknikservis.com\/#organization\"},\"potentialAction\":[{\"@type\":\"SearchAction\",\"target\":{\"@type\":\"EntryPoint\",\"urlTemplate\":\"https:\/\/bucateknikservis.com\/?s={search_term_string}\"},\"query-input\":{\"@type\":\"PropertyValueSpecification\",\"valueRequired\":true,\"valueName\":\"search_term_string\"}}],\"inLanguage\":\"tr\"},{\"@type\":\"Organization\",\"@id\":\"https:\/\/bucateknikservis.com\/#organization\",\"name\":\"TKL Teknik Servis\",\"url\":\"https:\/\/bucateknikservis.com\/\",\"logo\":{\"@type\":\"ImageObject\",\"inLanguage\":\"tr\",\"@id\":\"https:\/\/bucateknikservis.com\/#\/schema\/logo\/image\/\",\"url\":\"https:\/\/bucateknikservis.com\/wp-content\/uploads\/2026\/02\/Tkl-Teknik-1.png\",\"contentUrl\":\"https:\/\/bucateknikservis.com\/wp-content\/uploads\/2026\/02\/Tkl-Teknik-1.png\",\"width\":1111,\"height\":321,\"caption\":\"TKL Teknik Servis\"},\"image\":{\"@id\":\"https:\/\/bucateknikservis.com\/#\/schema\/logo\/image\/\"},\"sameAs\":[\"https:\/\/www.instagram.com\/bucateknikservis\/\"],\"description\":\"Beyaz e\u015fya, kombi ve klima ar\u0131zalar\u0131n\u0131zda Buca\u2019n\u0131n her mahallesine ayn\u0131 g\u00fcn servis imkan\u0131. Uzman ekip, orijinal yedek par\u00e7a ve \u015feffaf fiyat garantisiyle yan\u0131n\u0131zday\u0131z.\",\"email\":\"bucayeknik35@gmail.com\",\"telephone\":\"0232 426 50 50\",\"legalName\":\"TKL Teknik Servis\",\"foundingDate\":\"2026-02-01\",\"numberOfEmployees\":{\"@type\":\"QuantitativeValue\",\"minValue\":\"1\",\"maxValue\":\"10\"}}]}<\/script>\n<!-- \/ Yoast SEO Premium plugin. -->","yoast_head_json":{"title":"Buca Teknik Servis | Kombi Servisi ve Tamiri","description":"Beyaz e\u015fya, kombi ve klima ar\u0131zalar\u0131n\u0131zda Buca\u2019n\u0131n her mahallesine ayn\u0131 g\u00fcn servis imkan\u0131. Uzman ekip, orijinal yedek par\u00e7a ve \u015feffaf fiyat garantisiyle yan\u0131n\u0131zday\u0131z.","robots":{"index":"index","follow":"follow","max-snippet":"max-snippet:-1","max-image-preview":"max-image-preview:large","max-video-preview":"max-video-preview:-1"},"canonical":"https:\/\/bucateknikservis.com\/index.php\/servis-hizmetlerimiz\/kombi-servisi-tamiri\/","og_locale":"tr_TR","og_type":"article","og_title":"Kombi Servisi ve Tamiri","og_description":"Beyaz e\u015fya, kombi ve klima ar\u0131zalar\u0131n\u0131zda Buca\u2019n\u0131n her mahallesine ayn\u0131 g\u00fcn servis imkan\u0131. Uzman ekip, orijinal yedek par\u00e7a ve \u015feffaf fiyat garantisiyle yan\u0131n\u0131zday\u0131z.","og_url":"https:\/\/bucateknikservis.com\/index.php\/servis-hizmetlerimiz\/kombi-servisi-tamiri\/","og_site_name":"Buca Teknik Servis","article_publisher":"https:\/\/www.instagram.com\/bucateknikservis\/","article_modified_time":"2026-02-23T09:18:10+00:00","og_image":[{"width":300,"height":254,"url":"https:\/\/bucateknikservis.com\/wp-content\/uploads\/2015\/10\/kombitamiri.jpg","type":"image\/jpeg"}],"twitter_card":"summary_large_image","twitter_misc":{"Tahmini okuma s\u00fcresi":"2 dakika"},"schema":{"@context":"https:\/\/schema.org","@graph":[{"@type":"WebPage","@id":"https:\/\/bucateknikservis.com\/index.php\/servis-hizmetlerimiz\/kombi-servisi-tamiri\/","url":"https:\/\/bucateknikservis.com\/index.php\/servis-hizmetlerimiz\/kombi-servisi-tamiri\/","name":"Buca Teknik Servis | Kombi Servisi ve Tamiri","isPartOf":{"@id":"https:\/\/bucateknikservis.com\/#website"},"primaryImageOfPage":{"@id":"https:\/\/bucateknikservis.com\/index.php\/servis-hizmetlerimiz\/kombi-servisi-tamiri\/#primaryimage"},"image":{"@id":"https:\/\/bucateknikservis.com\/index.php\/servis-hizmetlerimiz\/kombi-servisi-tamiri\/#primaryimage"},"thumbnailUrl":"https:\/\/bucateknikservis.com\/wp-content\/uploads\/2015\/10\/kombitamiri.jpg","datePublished":"2015-10-22T15:31:25+00:00","dateModified":"2026-02-23T09:18:10+00:00","description":"Beyaz e\u015fya, kombi ve klima ar\u0131zalar\u0131n\u0131zda Buca\u2019n\u0131n her mahallesine ayn\u0131 g\u00fcn servis imkan\u0131. Uzman ekip, orijinal yedek par\u00e7a ve \u015feffaf fiyat garantisiyle yan\u0131n\u0131zday\u0131z.","breadcrumb":{"@id":"https:\/\/bucateknikservis.com\/index.php\/servis-hizmetlerimiz\/kombi-servisi-tamiri\/#breadcrumb"},"inLanguage":"tr","potentialAction":[{"@type":"ReadAction","target":["https:\/\/bucateknikservis.com\/index.php\/servis-hizmetlerimiz\/kombi-servisi-tamiri\/"]}]},{"@type":"ImageObject","inLanguage":"tr","@id":"https:\/\/bucateknikservis.com\/index.php\/servis-hizmetlerimiz\/kombi-servisi-tamiri\/#primaryimage","url":"https:\/\/bucateknikservis.com\/wp-content\/uploads\/2015\/10\/kombitamiri.jpg","contentUrl":"https:\/\/bucateknikservis.com\/wp-content\/uploads\/2015\/10\/kombitamiri.jpg","width":300,"height":254},{"@type":"BreadcrumbList","@id":"https:\/\/bucateknikservis.com\/index.php\/servis-hizmetlerimiz\/kombi-servisi-tamiri\/#breadcrumb","itemListElement":[{"@type":"ListItem","position":1,"name":"Anasayfa","item":"https:\/\/bucateknikservis.com\/index.php\/buca-teknik-servis\/"},{"@type":"ListItem","position":2,"name":"Servis Hizmetlerimiz","item":"https:\/\/bucateknikservis.com\/index.php\/servis-hizmetlerimiz\/"},{"@type":"ListItem","position":3,"name":"Kombi Servisi ve Tamiri"}]},{"@type":"WebSite","@id":"https:\/\/bucateknikservis.com\/#website","url":"https:\/\/bucateknikservis.com\/","name":"Buca Teknik Servis","description":"Bucan\u0131n G\u00fcvenilir Teknik Servisi","publisher":{"@id":"https:\/\/bucateknikservis.com\/#organization"},"potentialAction":[{"@type":"SearchAction","target":{"@type":"EntryPoint","urlTemplate":"https:\/\/bucateknikservis.com\/?s={search_term_string}"},"query-input":{"@type":"PropertyValueSpecification","valueRequired":true,"valueName":"search_term_string"}}],"inLanguage":"tr"},{"@type":"Organization","@id":"https:\/\/bucateknikservis.com\/#organization","name":"TKL Teknik Servis","url":"https:\/\/bucateknikservis.com\/","logo":{"@type":"ImageObject","inLanguage":"tr","@id":"https:\/\/bucateknikservis.com\/#\/schema\/logo\/image\/","url":"https:\/\/bucateknikservis.com\/wp-content\/uploads\/2026\/02\/Tkl-Teknik-1.png","contentUrl":"https:\/\/bucateknikservis.com\/wp-content\/uploads\/2026\/02\/Tkl-Teknik-1.png","width":1111,"height":321,"caption":"TKL Teknik Servis"},"image":{"@id":"https:\/\/bucateknikservis.com\/#\/schema\/logo\/image\/"},"sameAs":["https:\/\/www.instagram.com\/bucateknikservis\/"],"description":"Beyaz e\u015fya, kombi ve klima ar\u0131zalar\u0131n\u0131zda Buca\u2019n\u0131n her mahallesine ayn\u0131 g\u00fcn servis imkan\u0131. Uzman ekip, orijinal yedek par\u00e7a ve \u015feffaf fiyat garantisiyle yan\u0131n\u0131zday\u0131z.","email":"bucayeknik35@gmail.com","telephone":"0232 426 50 50","legalName":"TKL Teknik Servis","foundingDate":"2026-02-01","numberOfEmployees":{"@type":"QuantitativeValue","minValue":"1","maxValue":"10"}}]}},"_links":{"self":[{"href":"https:\/\/bucateknikservis.com\/index.php\/wp-json\/wp\/v2\/pages\/135","targetHints":{"allow":["GET"]}}],"collection":[{"href":"https:\/\/bucateknikservis.com\/index.php\/wp-json\/wp\/v2\/pages"}],"about":[{"href":"https:\/\/bucateknikservis.com\/index.php\/wp-json\/wp\/v2\/types\/page"}],"author":[{"embeddable":true,"href":"https:\/\/bucateknikservis.com\/index.php\/wp-json\/wp\/v2\/users\/1"}],"replies":[{"embeddable":true,"href":"https:\/\/bucateknikservis.com\/index.php\/wp-json\/wp\/v2\/comments?post=135"}],"version-history":[{"count":9,"href":"https:\/\/bucateknikservis.com\/index.php\/wp-json\/wp\/v2\/pages\/135\/revisions"}],"predecessor-version":[{"id":481,"href":"https:\/\/bucateknikservis.com\/index.php\/wp-json\/wp\/v2\/pages\/135\/revisions\/481"}],"up":[{"embeddable":true,"href":"https:\/\/bucateknikservis.com\/index.php\/wp-json\/wp\/v2\/pages\/25"}],"wp:featuredmedia":[{"embeddable":true,"href":"https:\/\/bucateknikservis.com\/index.php\/wp-json\/wp\/v2\/media\/388"}],"wp:attachment":[{"href":"https:\/\/bucateknikservis.com\/index.php\/wp-json\/wp\/v2\/media?parent=135"}],"curies":[{"name":"wp","href":"https:\/\/api.w.org\/{rel}","templated":true}]}}