{"id":113,"date":"2015-10-22T14:34:37","date_gmt":"2015-10-22T14:34:37","guid":{"rendered":"http:\/\/test.kriesi.at\/construction\/?page_id=113"},"modified":"2026-02-23T12:16:36","modified_gmt":"2026-02-23T09:16:36","slug":"beyaz-esya-servisi-tamiri","status":"publish","type":"page","link":"https:\/\/bucateknikservis.com\/index.php\/servis-hizmetlerimiz\/beyaz-esya-servisi-tamiri\/","title":{"rendered":"Beyaz E\u015fya Servisi ve Tamiri"},"content":{"rendered":"<div  class='avia-slideshow av-40kfnl-5d2a2cf807e8f6084f7b0d9e420b7389 avia-slideshow-featured_large av_slideshow avia-fade-slider  avia-builder-el-0  el_before_av_one_full  avia-builder-el-first  av-slideshow-ui av-control-hidden av-no-slider-navigation av-hide-nav-arrows av-slideshow-autoplay av-loop-endless av-loop-manual-endless av-default-height-applied avia-slideshow-1' data-slideshow-options=\"{&quot;animation&quot;:&quot;fade&quot;,&quot;autoplay&quot;:true,&quot;loop_autoplay&quot;:&quot;endless&quot;,&quot;interval&quot;:5,&quot;loop_manual&quot;:&quot;manual-endless&quot;,&quot;autoplay_stopper&quot;:false,&quot;noNavigation&quot;:true,&quot;bg_slider&quot;:false,&quot;keep_padding&quot;:false,&quot;hoverpause&quot;:false,&quot;show_slide_delay&quot;:0}\"  itemprop=\"image\" itemscope=\"itemscope\" itemtype=\"https:\/\/schema.org\/ImageObject\" ><ul class='avia-slideshow-inner ' style='padding-bottom: 42%;'><li  class='avia-slideshow-slide av-40kfnl-5d2a2cf807e8f6084f7b0d9e420b7389__0  av-single-slide slide-1 slide-odd'><div data-rel='slideshow-1' class='avia-slide-wrap '   ><img decoding=\"async\" fetchpriority=\"high\" class=\"wp-image-322 avia-img-lazy-loading-not-322\"  src=\"https:\/\/bucateknikservis.com\/wp-content\/uploads\/2026\/02\/Bucateknikservis2-1500x630.jpg\" width=\"1500\" height=\"630\" title='Bucateknikservis2' alt=''  itemprop=\"thumbnailUrl\" srcset=\"https:\/\/bucateknikservis.com\/wp-content\/uploads\/2026\/02\/Bucateknikservis2-1500x630.jpg 1500w, https:\/\/bucateknikservis.com\/wp-content\/uploads\/2026\/02\/Bucateknikservis2-300x126.jpg 300w, https:\/\/bucateknikservis.com\/wp-content\/uploads\/2026\/02\/Bucateknikservis2-1030x433.jpg 1030w, https:\/\/bucateknikservis.com\/wp-content\/uploads\/2026\/02\/Bucateknikservis2-768x323.jpg 768w, https:\/\/bucateknikservis.com\/wp-content\/uploads\/2026\/02\/Bucateknikservis2-1536x645.jpg 1536w, https:\/\/bucateknikservis.com\/wp-content\/uploads\/2026\/02\/Bucateknikservis2-2048x860.jpg 2048w, https:\/\/bucateknikservis.com\/wp-content\/uploads\/2026\/02\/Bucateknikservis2-705x296.jpg 705w\" sizes=\"(max-width: 1500px) 100vw, 1500px\" \/><\/div><\/li><\/ul><\/div>\n\n<style type=\"text\/css\" data-created_by=\"avia_inline_auto\" id=\"style-css-av-3ejre1-9e5d3ba99f540a19cec4894d1c000fdc\">\n#top .flex_column.av-3ejre1-9e5d3ba99f540a19cec4894d1c000fdc{\nmargin-top:0px;\nmargin-bottom:0px;\n}\n.flex_column.av-3ejre1-9e5d3ba99f540a19cec4894d1c000fdc{\nborder-radius:0px 0px 0px 0px;\npadding:0px 0px 0px 0px;\n}\n.responsive #top #wrap_all .flex_column.av-3ejre1-9e5d3ba99f540a19cec4894d1c000fdc{\nmargin-top:0px;\nmargin-bottom:0px;\n}\n<\/style>\n<div  class='flex_column av-3ejre1-9e5d3ba99f540a19cec4894d1c000fdc av_one_full  avia-builder-el-1  el_after_av_slideshow  el_before_av_one_half  first flex_column_div av-animated-generic bottom-to-top av-zero-column-padding  '     ><p>\n<style type=\"text\/css\" data-created_by=\"avia_inline_auto\" id=\"style-css-av-38phy1-7075d792e6690a29baa8d94f47063ea8\">\n#top .av-special-heading.av-38phy1-7075d792e6690a29baa8d94f47063ea8{\npadding-bottom:0;\n}\nbody .av-special-heading.av-38phy1-7075d792e6690a29baa8d94f47063ea8 .av-special-heading-tag .heading-char{\nfont-size:25px;\n}\n.av-special-heading.av-38phy1-7075d792e6690a29baa8d94f47063ea8 .av-subheading{\nfont-size:15px;\n}\n<\/style>\n<div  class='av-special-heading av-38phy1-7075d792e6690a29baa8d94f47063ea8 av-special-heading-h2 blockquote modern-quote  avia-builder-el-2  el_before_av_hr  avia-builder-el-first '><h2 class='av-special-heading-tag '  itemprop=\"headline\"  >Profesyonel Tamir ve Bak\u0131m \u00c7\u00f6z\u00fcmleri<\/h2><div class=\"special-heading-border\"><div class=\"special-heading-inner-border\"><\/div><\/div><\/div><br \/>\n\n<style type=\"text\/css\" data-created_by=\"avia_inline_auto\" id=\"style-css-av-34okcp-e3b08aa05826c4feb0eed91287356c15\">\n#top .hr.av-34okcp-e3b08aa05826c4feb0eed91287356c15{\nmargin-top:10px;\nmargin-bottom:10px;\n}\n.hr.av-34okcp-e3b08aa05826c4feb0eed91287356c15 .hr-inner{\nwidth:50px;\nborder-color:#efbb20;\n}\n<\/style>\n<div  class='hr av-34okcp-e3b08aa05826c4feb0eed91287356c15 hr-custom  avia-builder-el-3  el_after_av_heading  avia-builder-el-last  hr-left hr-icon-no'><span class='hr-inner inner-border-av-border-fat'><span class=\"hr-inner-style\"><\/span><\/span><\/div><\/p><\/div>\n<style type=\"text\/css\" data-created_by=\"avia_inline_auto\" id=\"style-css-av-9dyr5-b9edd3bebfd2490b2970613c68faf6d9\">\n.flex_column.av-9dyr5-b9edd3bebfd2490b2970613c68faf6d9{\nborder-radius:0px 0px 0px 0px;\npadding:0px 0px 0px 0px;\n}\n<\/style>\n<div  class='flex_column av-9dyr5-b9edd3bebfd2490b2970613c68faf6d9 av_one_half  avia-builder-el-4  el_after_av_one_full  el_before_av_one_half  first flex_column_div av-animated-generic bottom-to-top av-zero-column-padding  column-top-margin'     ><section  class='av_textblock_section av-2h75xt-72ac696363fbb5e6da144400d7d3d30f '   itemscope=\"itemscope\" itemtype=\"https:\/\/schema.org\/CreativeWork\" ><div class='avia_textblock'  itemprop=\"text\" ><h3 data-path-to-node=\"4\">Neden Buca Teknik Servisi\u2019ni Tercih Etmelisiniz?<\/h3>\n<p data-path-to-node=\"5\">Beyaz e\u015fya tamiri hassasiyet gerektirir. Cihazlar\u0131n\u0131z\u0131n \u00f6mr\u00fcn\u00fc uzatmak ve performans\u0131n\u0131 korumak i\u00e7in sundu\u011fumuz ayr\u0131cal\u0131klar:<\/p>\n<ul data-path-to-node=\"6\">\n<li>\n<p data-path-to-node=\"6,0,0\"><b data-path-to-node=\"6,0,0\" data-index-in-node=\"0\">H\u0131zl\u0131 ve Yerinde Servis:<\/b> Ar\u0131za kayd\u0131n\u0131z\u0131 olu\u015fturdu\u011funuz g\u00fcn i\u00e7inde adresinize ula\u015f\u0131yor, mobil servis ara\u00e7lar\u0131m\u0131zla sorunu yerinde tespit ediyoruz.<\/p>\n<\/li>\n<li>\n<p data-path-to-node=\"6,1,0\"><b data-path-to-node=\"6,1,0\" data-index-in-node=\"0\">Orijinal Yedek Par\u00e7a Kullan\u0131m\u0131:<\/b> Cihaz\u0131n\u0131z\u0131n sa\u011fl\u0131\u011f\u0131 i\u00e7in sadece \u00fcretici onayl\u0131, orijinal yedek par\u00e7alar kullan\u0131yoruz.<\/p>\n<\/li>\n<li>\n<p data-path-to-node=\"6,2,0\"><b data-path-to-node=\"6,2,0\" data-index-in-node=\"0\">1 Y\u0131l \u0130\u015f\u00e7ilik ve Par\u00e7a Garantisi:<\/b> De\u011fi\u015ftirdi\u011fimiz par\u00e7alar ve sundu\u011fumuz tamir hizmeti i\u00e7in 1 y\u0131l boyunca garanti veriyoruz.<\/p>\n<\/li>\n<li>\n<p data-path-to-node=\"6,3,0\"><b data-path-to-node=\"6,3,0\" data-index-in-node=\"0\">Uzman Teknisyen Kadrosu:<\/b> Teknolojiyi yak\u0131ndan takip eden, her marka ve modele hakim deneyimli bir ekiple \u00e7al\u0131\u015f\u0131yoruz.<\/p>\n<\/li>\n<li>\n<p data-path-to-node=\"6,4,0\"><b data-path-to-node=\"6,4,0\" data-index-in-node=\"0\">\u015eeffaf Fiyat Politikas\u0131:<\/b> S\u00fcrpriz maliyetlerle kar\u015f\u0131la\u015fmazs\u0131n\u0131z; i\u015flem \u00f6ncesi ar\u0131za tespiti yaparak sizi bilgilendiririz.<\/p>\n<\/li>\n<\/ul>\n<\/div><\/section><\/div>\n<style type=\"text\/css\" data-created_by=\"avia_inline_auto\" id=\"style-css-av-2x04yp-4f6db46ec8e3b372fb30dcdf71235258\">\n.flex_column.av-2x04yp-4f6db46ec8e3b372fb30dcdf71235258{\nborder-radius:0px 0px 0px 0px;\npadding:0px 0px 0px 0px;\n}\n<\/style>\n<div  class='flex_column av-2x04yp-4f6db46ec8e3b372fb30dcdf71235258 av_one_half  avia-builder-el-6  el_after_av_one_half  avia-builder-el-last  flex_column_div av-animated-generic bottom-to-top av-zero-column-padding  column-top-margin'     ><section  class='av_textblock_section av-2psxy1-9a186a44955ef87e0336b0bb885818c0 '   itemscope=\"itemscope\" itemtype=\"https:\/\/schema.org\/CreativeWork\" ><div class='avia_textblock'  itemprop=\"text\" ><h3 data-path-to-node=\"13\">Buca&#8217;n\u0131n Her Noktas\u0131nday\u0131z!<\/h3>\n<p data-path-to-node=\"14\">\u015eirinyer&#8217;den Gediz&#8217;e, Kuru\u00e7e\u015fme&#8217;den Yaylac\u0131k&#8217;a kadar Buca&#8217;n\u0131n her soka\u011f\u0131na bir telefon uza\u011f\u0131n\u0131zday\u0131z. Size en yak\u0131n teknik ekibi y\u00f6nlendirmemiz i\u00e7in hemen bizimle ileti\u015fime ge\u00e7in.<\/p>\n<p><b data-path-to-node=\"3\" data-index-in-node=\"0\">Bucateknikservisi.com<\/b> olarak, Buca ve \u00e7evresinde evlerinizin vazge\u00e7ilmezi olan beyaz e\u015fyalar\u0131n\u0131z i\u00e7in <b data-path-to-node=\"3\" data-index-in-node=\"102\">h\u0131zl\u0131, g\u00fcvenilir ve garantili<\/b> teknik servis hizmeti sunuyoruz. Buzdolab\u0131ndan \u00e7ama\u015f\u0131r makinesine, bula\u015f\u0131k makinesinden f\u0131r\u0131na kadar t\u00fcm cihazlar\u0131n\u0131zda olu\u015fan ar\u0131zalar\u0131, alan\u0131nda uzman teknisyenlerimizle yerinde \u00e7\u00f6z\u00fcyoruz.<\/p>\n<\/div><\/section><\/div><\/p>\n","protected":false},"excerpt":{"rendered":"","protected":false},"author":1,"featured_media":386,"parent":25,"menu_order":0,"comment_status":"closed","ping_status":"closed","template":"","meta":{"footnotes":""},"class_list":["post-113","page","type-page","status-publish","has-post-thumbnail","hentry"],"yoast_head":"<!-- This site is optimized with the Yoast SEO Premium plugin v26.1 (Yoast SEO v27.0) - https:\/\/yoast.com\/product\/yoast-seo-premium-wordpress\/ -->\n<title>Buca Teknik Servis | Beyaz E\u015fya Servisi ve Tamiri<\/title>\n<meta name=\"description\" content=\"Beyaz e\u015fya, kombi ve klima ar\u0131zalar\u0131n\u0131zda Buca\u2019n\u0131n her mahallesine ayn\u0131 g\u00fcn servis imkan\u0131. Uzman ekip, orijinal yedek par\u00e7a ve \u015feffaf fiyat garantisiyle yan\u0131n\u0131zday\u0131z.\" \/>\n<meta name=\"robots\" content=\"index, follow, max-snippet:-1, max-image-preview:large, max-video-preview:-1\" \/>\n<link rel=\"canonical\" href=\"https:\/\/bucateknikservis.com\/index.php\/servis-hizmetlerimiz\/beyaz-esya-servisi-tamiri\/\" \/>\n<meta property=\"og:locale\" content=\"tr_TR\" \/>\n<meta property=\"og:type\" content=\"article\" \/>\n<meta property=\"og:title\" content=\"Beyaz E\u015fya Servisi ve Tamiri\" \/>\n<meta property=\"og:description\" content=\"Beyaz e\u015fya, kombi ve klima ar\u0131zalar\u0131n\u0131zda Buca\u2019n\u0131n her mahallesine ayn\u0131 g\u00fcn servis imkan\u0131. Uzman ekip, orijinal yedek par\u00e7a ve \u015feffaf fiyat garantisiyle yan\u0131n\u0131zday\u0131z.\" \/>\n<meta property=\"og:url\" content=\"https:\/\/bucateknikservis.com\/index.php\/servis-hizmetlerimiz\/beyaz-esya-servisi-tamiri\/\" \/>\n<meta property=\"og:site_name\" content=\"Buca Teknik Servis\" \/>\n<meta property=\"article:publisher\" content=\"https:\/\/www.instagram.com\/bucateknikservis\/\" \/>\n<meta property=\"article:modified_time\" content=\"2026-02-23T09:16:36+00:00\" \/>\n<meta property=\"og:image\" content=\"https:\/\/bucateknikservis.com\/wp-content\/uploads\/2015\/10\/Buzdolabitamiri1.jpg\" \/>\n\t<meta property=\"og:image:width\" content=\"300\" \/>\n\t<meta property=\"og:image:height\" content=\"254\" \/>\n\t<meta property=\"og:image:type\" content=\"image\/jpeg\" \/>\n<meta name=\"twitter:card\" content=\"summary_large_image\" \/>\n<meta name=\"twitter:label1\" content=\"Tahmini okuma s\u00fcresi\" \/>\n\t<meta name=\"twitter:data1\" content=\"2 dakika\" \/>\n<script type=\"application\/ld+json\" class=\"yoast-schema-graph\">{\"@context\":\"https:\/\/schema.org\",\"@graph\":[{\"@type\":\"WebPage\",\"@id\":\"https:\/\/bucateknikservis.com\/index.php\/servis-hizmetlerimiz\/beyaz-esya-servisi-tamiri\/\",\"url\":\"https:\/\/bucateknikservis.com\/index.php\/servis-hizmetlerimiz\/beyaz-esya-servisi-tamiri\/\",\"name\":\"Buca Teknik Servis | Beyaz E\u015fya Servisi ve Tamiri\",\"isPartOf\":{\"@id\":\"https:\/\/bucateknikservis.com\/#website\"},\"primaryImageOfPage\":{\"@id\":\"https:\/\/bucateknikservis.com\/index.php\/servis-hizmetlerimiz\/beyaz-esya-servisi-tamiri\/#primaryimage\"},\"image\":{\"@id\":\"https:\/\/bucateknikservis.com\/index.php\/servis-hizmetlerimiz\/beyaz-esya-servisi-tamiri\/#primaryimage\"},\"thumbnailUrl\":\"https:\/\/bucateknikservis.com\/wp-content\/uploads\/2015\/10\/Buzdolabitamiri1.jpg\",\"datePublished\":\"2015-10-22T14:34:37+00:00\",\"dateModified\":\"2026-02-23T09:16:36+00:00\",\"description\":\"Beyaz e\u015fya, kombi ve klima ar\u0131zalar\u0131n\u0131zda Buca\u2019n\u0131n her mahallesine ayn\u0131 g\u00fcn servis imkan\u0131. Uzman ekip, orijinal yedek par\u00e7a ve \u015feffaf fiyat garantisiyle yan\u0131n\u0131zday\u0131z.\",\"breadcrumb\":{\"@id\":\"https:\/\/bucateknikservis.com\/index.php\/servis-hizmetlerimiz\/beyaz-esya-servisi-tamiri\/#breadcrumb\"},\"inLanguage\":\"tr\",\"potentialAction\":[{\"@type\":\"ReadAction\",\"target\":[\"https:\/\/bucateknikservis.com\/index.php\/servis-hizmetlerimiz\/beyaz-esya-servisi-tamiri\/\"]}]},{\"@type\":\"ImageObject\",\"inLanguage\":\"tr\",\"@id\":\"https:\/\/bucateknikservis.com\/index.php\/servis-hizmetlerimiz\/beyaz-esya-servisi-tamiri\/#primaryimage\",\"url\":\"https:\/\/bucateknikservis.com\/wp-content\/uploads\/2015\/10\/Buzdolabitamiri1.jpg\",\"contentUrl\":\"https:\/\/bucateknikservis.com\/wp-content\/uploads\/2015\/10\/Buzdolabitamiri1.jpg\",\"width\":300,\"height\":254},{\"@type\":\"BreadcrumbList\",\"@id\":\"https:\/\/bucateknikservis.com\/index.php\/servis-hizmetlerimiz\/beyaz-esya-servisi-tamiri\/#breadcrumb\",\"itemListElement\":[{\"@type\":\"ListItem\",\"position\":1,\"name\":\"Anasayfa\",\"item\":\"https:\/\/bucateknikservis.com\/index.php\/buca-teknik-servis\/\"},{\"@type\":\"ListItem\",\"position\":2,\"name\":\"Servis Hizmetlerimiz\",\"item\":\"https:\/\/bucateknikservis.com\/index.php\/servis-hizmetlerimiz\/\"},{\"@type\":\"ListItem\",\"position\":3,\"name\":\"Beyaz E\u015fya Servisi ve Tamiri\"}]},{\"@type\":\"WebSite\",\"@id\":\"https:\/\/bucateknikservis.com\/#website\",\"url\":\"https:\/\/bucateknikservis.com\/\",\"name\":\"Buca Teknik Servis\",\"description\":\"Bucan\u0131n G\u00fcvenilir Teknik Servisi\",\"publisher\":{\"@id\":\"https:\/\/bucateknikservis.com\/#organization\"},\"potentialAction\":[{\"@type\":\"SearchAction\",\"target\":{\"@type\":\"EntryPoint\",\"urlTemplate\":\"https:\/\/bucateknikservis.com\/?s={search_term_string}\"},\"query-input\":{\"@type\":\"PropertyValueSpecification\",\"valueRequired\":true,\"valueName\":\"search_term_string\"}}],\"inLanguage\":\"tr\"},{\"@type\":\"Organization\",\"@id\":\"https:\/\/bucateknikservis.com\/#organization\",\"name\":\"TKL Teknik Servis\",\"url\":\"https:\/\/bucateknikservis.com\/\",\"logo\":{\"@type\":\"ImageObject\",\"inLanguage\":\"tr\",\"@id\":\"https:\/\/bucateknikservis.com\/#\/schema\/logo\/image\/\",\"url\":\"https:\/\/bucateknikservis.com\/wp-content\/uploads\/2026\/02\/Tkl-Teknik-1.png\",\"contentUrl\":\"https:\/\/bucateknikservis.com\/wp-content\/uploads\/2026\/02\/Tkl-Teknik-1.png\",\"width\":1111,\"height\":321,\"caption\":\"TKL Teknik Servis\"},\"image\":{\"@id\":\"https:\/\/bucateknikservis.com\/#\/schema\/logo\/image\/\"},\"sameAs\":[\"https:\/\/www.instagram.com\/bucateknikservis\/\"],\"description\":\"Beyaz e\u015fya, kombi ve klima ar\u0131zalar\u0131n\u0131zda Buca\u2019n\u0131n her mahallesine ayn\u0131 g\u00fcn servis imkan\u0131. Uzman ekip, orijinal yedek par\u00e7a ve \u015feffaf fiyat garantisiyle yan\u0131n\u0131zday\u0131z.\",\"email\":\"bucayeknik35@gmail.com\",\"telephone\":\"0232 426 50 50\",\"legalName\":\"TKL Teknik Servis\",\"foundingDate\":\"2026-02-01\",\"numberOfEmployees\":{\"@type\":\"QuantitativeValue\",\"minValue\":\"1\",\"maxValue\":\"10\"}}]}<\/script>\n<!-- \/ Yoast SEO Premium plugin. -->","yoast_head_json":{"title":"Buca Teknik Servis | Beyaz E\u015fya Servisi ve Tamiri","description":"Beyaz e\u015fya, kombi ve klima ar\u0131zalar\u0131n\u0131zda Buca\u2019n\u0131n her mahallesine ayn\u0131 g\u00fcn servis imkan\u0131. Uzman ekip, orijinal yedek par\u00e7a ve \u015feffaf fiyat garantisiyle yan\u0131n\u0131zday\u0131z.","robots":{"index":"index","follow":"follow","max-snippet":"max-snippet:-1","max-image-preview":"max-image-preview:large","max-video-preview":"max-video-preview:-1"},"canonical":"https:\/\/bucateknikservis.com\/index.php\/servis-hizmetlerimiz\/beyaz-esya-servisi-tamiri\/","og_locale":"tr_TR","og_type":"article","og_title":"Beyaz E\u015fya Servisi ve Tamiri","og_description":"Beyaz e\u015fya, kombi ve klima ar\u0131zalar\u0131n\u0131zda Buca\u2019n\u0131n her mahallesine ayn\u0131 g\u00fcn servis imkan\u0131. Uzman ekip, orijinal yedek par\u00e7a ve \u015feffaf fiyat garantisiyle yan\u0131n\u0131zday\u0131z.","og_url":"https:\/\/bucateknikservis.com\/index.php\/servis-hizmetlerimiz\/beyaz-esya-servisi-tamiri\/","og_site_name":"Buca Teknik Servis","article_publisher":"https:\/\/www.instagram.com\/bucateknikservis\/","article_modified_time":"2026-02-23T09:16:36+00:00","og_image":[{"width":300,"height":254,"url":"https:\/\/bucateknikservis.com\/wp-content\/uploads\/2015\/10\/Buzdolabitamiri1.jpg","type":"image\/jpeg"}],"twitter_card":"summary_large_image","twitter_misc":{"Tahmini okuma s\u00fcresi":"2 dakika"},"schema":{"@context":"https:\/\/schema.org","@graph":[{"@type":"WebPage","@id":"https:\/\/bucateknikservis.com\/index.php\/servis-hizmetlerimiz\/beyaz-esya-servisi-tamiri\/","url":"https:\/\/bucateknikservis.com\/index.php\/servis-hizmetlerimiz\/beyaz-esya-servisi-tamiri\/","name":"Buca Teknik Servis | Beyaz E\u015fya Servisi ve Tamiri","isPartOf":{"@id":"https:\/\/bucateknikservis.com\/#website"},"primaryImageOfPage":{"@id":"https:\/\/bucateknikservis.com\/index.php\/servis-hizmetlerimiz\/beyaz-esya-servisi-tamiri\/#primaryimage"},"image":{"@id":"https:\/\/bucateknikservis.com\/index.php\/servis-hizmetlerimiz\/beyaz-esya-servisi-tamiri\/#primaryimage"},"thumbnailUrl":"https:\/\/bucateknikservis.com\/wp-content\/uploads\/2015\/10\/Buzdolabitamiri1.jpg","datePublished":"2015-10-22T14:34:37+00:00","dateModified":"2026-02-23T09:16:36+00:00","description":"Beyaz e\u015fya, kombi ve klima ar\u0131zalar\u0131n\u0131zda Buca\u2019n\u0131n her mahallesine ayn\u0131 g\u00fcn servis imkan\u0131. Uzman ekip, orijinal yedek par\u00e7a ve \u015feffaf fiyat garantisiyle yan\u0131n\u0131zday\u0131z.","breadcrumb":{"@id":"https:\/\/bucateknikservis.com\/index.php\/servis-hizmetlerimiz\/beyaz-esya-servisi-tamiri\/#breadcrumb"},"inLanguage":"tr","potentialAction":[{"@type":"ReadAction","target":["https:\/\/bucateknikservis.com\/index.php\/servis-hizmetlerimiz\/beyaz-esya-servisi-tamiri\/"]}]},{"@type":"ImageObject","inLanguage":"tr","@id":"https:\/\/bucateknikservis.com\/index.php\/servis-hizmetlerimiz\/beyaz-esya-servisi-tamiri\/#primaryimage","url":"https:\/\/bucateknikservis.com\/wp-content\/uploads\/2015\/10\/Buzdolabitamiri1.jpg","contentUrl":"https:\/\/bucateknikservis.com\/wp-content\/uploads\/2015\/10\/Buzdolabitamiri1.jpg","width":300,"height":254},{"@type":"BreadcrumbList","@id":"https:\/\/bucateknikservis.com\/index.php\/servis-hizmetlerimiz\/beyaz-esya-servisi-tamiri\/#breadcrumb","itemListElement":[{"@type":"ListItem","position":1,"name":"Anasayfa","item":"https:\/\/bucateknikservis.com\/index.php\/buca-teknik-servis\/"},{"@type":"ListItem","position":2,"name":"Servis Hizmetlerimiz","item":"https:\/\/bucateknikservis.com\/index.php\/servis-hizmetlerimiz\/"},{"@type":"ListItem","position":3,"name":"Beyaz E\u015fya Servisi ve Tamiri"}]},{"@type":"WebSite","@id":"https:\/\/bucateknikservis.com\/#website","url":"https:\/\/bucateknikservis.com\/","name":"Buca Teknik Servis","description":"Bucan\u0131n G\u00fcvenilir Teknik Servisi","publisher":{"@id":"https:\/\/bucateknikservis.com\/#organization"},"potentialAction":[{"@type":"SearchAction","target":{"@type":"EntryPoint","urlTemplate":"https:\/\/bucateknikservis.com\/?s={search_term_string}"},"query-input":{"@type":"PropertyValueSpecification","valueRequired":true,"valueName":"search_term_string"}}],"inLanguage":"tr"},{"@type":"Organization","@id":"https:\/\/bucateknikservis.com\/#organization","name":"TKL Teknik Servis","url":"https:\/\/bucateknikservis.com\/","logo":{"@type":"ImageObject","inLanguage":"tr","@id":"https:\/\/bucateknikservis.com\/#\/schema\/logo\/image\/","url":"https:\/\/bucateknikservis.com\/wp-content\/uploads\/2026\/02\/Tkl-Teknik-1.png","contentUrl":"https:\/\/bucateknikservis.com\/wp-content\/uploads\/2026\/02\/Tkl-Teknik-1.png","width":1111,"height":321,"caption":"TKL Teknik Servis"},"image":{"@id":"https:\/\/bucateknikservis.com\/#\/schema\/logo\/image\/"},"sameAs":["https:\/\/www.instagram.com\/bucateknikservis\/"],"description":"Beyaz e\u015fya, kombi ve klima ar\u0131zalar\u0131n\u0131zda Buca\u2019n\u0131n her mahallesine ayn\u0131 g\u00fcn servis imkan\u0131. Uzman ekip, orijinal yedek par\u00e7a ve \u015feffaf fiyat garantisiyle yan\u0131n\u0131zday\u0131z.","email":"bucayeknik35@gmail.com","telephone":"0232 426 50 50","legalName":"TKL Teknik Servis","foundingDate":"2026-02-01","numberOfEmployees":{"@type":"QuantitativeValue","minValue":"1","maxValue":"10"}}]}},"_links":{"self":[{"href":"https:\/\/bucateknikservis.com\/index.php\/wp-json\/wp\/v2\/pages\/113","targetHints":{"allow":["GET"]}}],"collection":[{"href":"https:\/\/bucateknikservis.com\/index.php\/wp-json\/wp\/v2\/pages"}],"about":[{"href":"https:\/\/bucateknikservis.com\/index.php\/wp-json\/wp\/v2\/types\/page"}],"author":[{"embeddable":true,"href":"https:\/\/bucateknikservis.com\/index.php\/wp-json\/wp\/v2\/users\/1"}],"replies":[{"embeddable":true,"href":"https:\/\/bucateknikservis.com\/index.php\/wp-json\/wp\/v2\/comments?post=113"}],"version-history":[{"count":7,"href":"https:\/\/bucateknikservis.com\/index.php\/wp-json\/wp\/v2\/pages\/113\/revisions"}],"predecessor-version":[{"id":478,"href":"https:\/\/bucateknikservis.com\/index.php\/wp-json\/wp\/v2\/pages\/113\/revisions\/478"}],"up":[{"embeddable":true,"href":"https:\/\/bucateknikservis.com\/index.php\/wp-json\/wp\/v2\/pages\/25"}],"wp:featuredmedia":[{"embeddable":true,"href":"https:\/\/bucateknikservis.com\/index.php\/wp-json\/wp\/v2\/media\/386"}],"wp:attachment":[{"href":"https:\/\/bucateknikservis.com\/index.php\/wp-json\/wp\/v2\/media?parent=113"}],"curies":[{"name":"wp","href":"https:\/\/api.w.org\/{rel}","templated":true}]}}